{"id":11,"date":"2026-04-16T20:05:10","date_gmt":"2026-04-16T20:05:10","guid":{"rendered":"https:\/\/bolucilingirci.com.tr\/?page_id=11"},"modified":"2026-04-17T13:22:07","modified_gmt":"2026-04-17T13:22:07","slug":"bolu-anahtar-kilit-urunleri","status":"publish","type":"page","link":"https:\/\/bolucilingirci.com.tr\/index.php\/bolu-anahtar-kilit-urunleri\/","title":{"rendered":"\u00dcr\u00fcnler"},"content":{"rendered":"\n<h1 class=\"wp-block-heading\">Bolu Kilit Sat\u0131\u015f\u0131 ve G\u00fcvenlik \u00c7\u00f6z\u00fcmleri<\/h1>\n\n\n\n<p><strong>Bolu kilit sat\u0131\u015f\u0131<\/strong> konusunda y\u0131llar\u0131n verdi\u011fi tecr\u00fcbeyle, <a href=\"https:\/\/bolucilingirci.com.tr\/index.php\/bolu-cilingir-hakkinda\/\">Anahtarc\u0131 \u0130smail <\/a>olarak sizlere en kaliteli markalar\u0131 sunuyoruz. <strong>\u00d6zellikle<\/strong> belirtmek isteriz ki, ev ve i\u015f yeri g\u00fcvenli\u011fi sadece bir kilit takmakla bitmez. <strong>\u00c7\u00fcnk\u00fc<\/strong> do\u011fru \u00fcr\u00fcn se\u00e7imi, kap\u0131n\u0131z\u0131n h\u0131rs\u0131zl\u0131\u011fa kar\u015f\u0131 ne kadar diren\u00e7li olaca\u011f\u0131n\u0131 belirler. <strong>Bu sayede<\/strong>, sizler i\u00e7in en dayan\u0131kl\u0131 ve uzun \u00f6m\u00fcrl\u00fc sistemleri d\u00fckkan\u0131m\u0131zda haz\u0131r bulunduruyoruz. <strong>Neticede<\/strong>, sundu\u011fumuz her par\u00e7a sizin huzurunuzu sa\u011flamak i\u00e7indir.<\/p>\n\n\n\n<h2 class=\"wp-block-heading\">Kap\u0131 G\u00fcvenli\u011finde Kaliteli \u00c7\u00f6z\u00fcmler<\/h2>\n\n\n\n<p>M\u00fclk\u00fcn\u00fcz\u00fc korumak i\u00e7in sadece standart modellerle yetinmiyoruz. <strong>Zira<\/strong> g\u00fcn\u00fcm\u00fczde kilit sistemleri h\u0131rs\u0131zl\u0131k y\u00f6ntemlerine kar\u015f\u0131 s\u00fcrekli geli\u015fmektedir. <strong>Bununla birlikte<\/strong>, biz de bu de\u011fi\u015fime ayak uydurarak en modern mekanizmalar\u0131 stoklar\u0131m\u0131za ekliyoruz. <strong>Sonu\u00e7 olarak<\/strong>, d\u00fckkan\u0131m\u0131za geldi\u011finizde kap\u0131 yap\u0131n\u0131za en uygun olan barelleri uzman g\u00f6r\u00fc\u015f\u00fcm\u00fczle birlikte se\u00e7ebilirsiniz. <strong>K\u0131sacas\u0131<\/strong>, kap\u0131n\u0131z\u0131n zay\u0131f noktalar\u0131n\u0131 biliyor ve ona g\u00f6re \u00fcr\u00fcn \u00f6neriyoruz.<\/p>\n\n\n\n<ul class=\"wp-block-list\">\n<li><strong>Tuzakl\u0131 Kilit Sistemleri:<\/strong> D\u0131\u015far\u0131dan zorlamalarda k\u0131r\u0131lan ama kap\u0131n\u0131n a\u00e7\u0131lmas\u0131na izin vermeyen \u00f6zel modellerdir.<\/li>\n\n\n\n<li><strong>Bilyal\u0131 Bareller:<\/strong> Kopyalanmas\u0131 zor olan anahtar yap\u0131lar\u0131yla g\u00fcvenli\u011finizi bir \u00fcst seviyeye ta\u015f\u0131r.<\/li>\n\n\n\n<li><strong>Z\u0131rhl\u0131 \u00c7elik Rozetler:<\/strong> Kilidin g\u00f6be\u011fini koruyarak delinme ve darbelere kar\u015f\u0131 ekstra z\u0131rh olu\u015fturur.<\/li>\n<\/ul>\n\n\n\n<h2 class=\"wp-block-heading\">Elektronik Sistemler ve Modern Se\u00e7enekler<\/h2>\n\n\n\n<p>Geleneksel anahtarlar\u0131n yan\u0131 s\u0131ra dijital d\u00fcnyay\u0131 da kap\u0131n\u0131za getiriyoruz. <strong>Ayn\u0131 zamanda<\/strong>, apartman ve i\u015f yeri giri\u015fleri i\u00e7in <a href=\"https:\/\/bolucilingirci.com.tr\/index.php\/bolu-cilingir-iletisim\/\">h\u0131zl\u0131 \u00e7\u00f6z\u00fcmler<\/a> \u00fcretiyoruz. <strong>Neticede<\/strong>, teknolojinin getirdi\u011fi kolayl\u0131klar\u0131 g\u00fcvenlikle birle\u015ftiriyoruz.<\/p>\n\n\n\n<ul class=\"wp-block-list\">\n<li><strong>Manyetik Kartl\u0131 Ge\u00e7i\u015fler:<\/strong> \u00d6zellikle toplu kullan\u0131m alanlar\u0131nda b\u00fcy\u00fck kolayl\u0131k sa\u011flayan sistemlerdir.<\/li>\n\n\n\n<li><strong>Ak\u0131ll\u0131 Kap\u0131 Kilitleri:<\/strong> Cep telefonu \u00fczerinden y\u00f6netilebilen, anahtars\u0131z giri\u015f imkan\u0131 sunan yeni nesil \u00fcr\u00fcnlerdir.<\/li>\n\n\n\n<li><strong>Otomatik Kap\u0131 Hidrolikleri:<\/strong> Kap\u0131n\u0131n sert\u00e7e kapanmas\u0131n\u0131 engelleyen ve \u00f6mr\u00fcn\u00fc uzatan mekanizmalard\u0131r.<\/li>\n<\/ul>\n\n\n\n<h2 class=\"wp-block-heading\">Neden \u00dcr\u00fcnlerinizi Bizden Almal\u0131s\u0131n\u0131z?<\/h2>\n\n\n\n<p>\u0130htiyac\u0131n\u0131z olan her t\u00fcrl\u00fc g\u00fcvenlik aparat\u0131n\u0131 en uygun fiyatlarla sa\u011fl\u0131yoruz. <strong>\u00d6rne\u011fin<\/strong>, Kale Kilit gibi d\u00fcnya markalar\u0131n\u0131n yetkili sat\u0131\u015f\u0131 ve montaj\u0131 konusunda Bolu\u2019da \u00f6nc\u00fc bir konumday\u0131z. <strong>Sonu\u00e7 olarak<\/strong>, sadece bir par\u00e7a satmakla kalm\u0131yor, o par\u00e7an\u0131n do\u011fru \u00e7al\u0131\u015fmas\u0131 i\u00e7in profesyonel montaj deste\u011fi de veriyoruz. <strong>\u00d6zellikle<\/strong> acil durumlarda yedek par\u00e7a deste\u011fimizle hi\u00e7bir zaman yar\u0131 yolda kalmazs\u0131n\u0131z.<a href=\"https:\/\/share.google\/lwtYyPD0mD50F8Q3s\"> Buraya t\u0131kla<\/a> ve bizimle ileti\u015fime ge\u00e7erek stok durumunu hemen sorgula.<\/p>\n\n\n\n<p><\/p>\n\n\n\n<figure class=\"wp-block-image size-full\"><img loading=\"lazy\" decoding=\"async\" width=\"382\" height=\"510\" src=\"https:\/\/bolucilingirci.com.tr\/wp-content\/uploads\/2026\/04\/anahtarcibolu.webp\" alt=\"bolu \u00e7ilingir ileti\u015fim anahtarc\u0131 ismail telefon numaras\u0131 ve adresi\" class=\"wp-image-62\" srcset=\"https:\/\/bolucilingirci.com.tr\/wp-content\/uploads\/2026\/04\/anahtarcibolu.webp 382w, https:\/\/bolucilingirci.com.tr\/wp-content\/uploads\/2026\/04\/anahtarcibolu-225x300.webp 225w\" sizes=\"auto, (max-width: 382px) 100vw, 382px\" \/><figcaption class=\"wp-element-caption\">7\/24 Acil Bolu \u00c7ilingir Hatt\u0131: 0537 438 50 81<\/figcaption><\/figure>\n","protected":false},"excerpt":{"rendered":"<p>Bolu Kilit Sat\u0131\u015f\u0131 ve G\u00fcvenlik \u00c7\u00f6z\u00fcmleri Bolu kilit sat\u0131\u015f\u0131 konusunda y\u0131llar\u0131n verdi\u011fi tecr\u00fcbeyle, Anahtarc\u0131 \u0130smail olarak sizlere en kaliteli markalar\u0131 sunuyoruz. \u00d6zellikle belirtmek isteriz ki, ev ve i\u015f yeri g\u00fcvenli\u011fi&hellip;<\/p>\n","protected":false},"author":1,"featured_media":59,"parent":0,"menu_order":0,"comment_status":"closed","ping_status":"closed","template":"","meta":{"footnotes":""},"class_list":["post-11","page","type-page","status-publish","has-post-thumbnail","hentry"],"yoast_head":"<!-- This site is optimized with the Yoast SEO plugin v27.4 - https:\/\/yoast.com\/product\/yoast-seo-wordpress\/ -->\n<title>Bolu Kilit Sat\u0131\u015f\u0131 - Anahtarc\u0131 \u0130smail \u00dcr\u00fcnleri<\/title>\n<meta name=\"description\" content=\"Bolu kilit sat\u0131\u015f\u0131 denilince akla gelen ilk adres Anahtarc\u0131 \u0130smail! En g\u00fcvenli kilit modelleri ve kap\u0131 sistemleri i\u00e7in hemen t\u0131kla, bilgi al.\" \/>\n<meta name=\"robots\" content=\"index, follow, max-snippet:-1, max-image-preview:large, max-video-preview:-1\" \/>\n<link rel=\"canonical\" href=\"https:\/\/bolucilingirci.com.tr\/index.php\/bolu-anahtar-kilit-urunleri\/\" \/>\n<meta property=\"og:locale\" content=\"tr_TR\" \/>\n<meta property=\"og:type\" content=\"article\" \/>\n<meta property=\"og:title\" content=\"Bolu Kilit Sat\u0131\u015f\u0131 - Anahtarc\u0131 \u0130smail \u00dcr\u00fcnleri\" \/>\n<meta property=\"og:description\" content=\"Bolu kilit sat\u0131\u015f\u0131 denilince akla gelen ilk adres Anahtarc\u0131 \u0130smail! En g\u00fcvenli kilit modelleri ve kap\u0131 sistemleri i\u00e7in hemen t\u0131kla, bilgi al.\" \/>\n<meta property=\"og:url\" content=\"https:\/\/bolucilingirci.com.tr\/index.php\/bolu-anahtar-kilit-urunleri\/\" \/>\n<meta property=\"og:site_name\" content=\"Bolu \u00c7ilingir ve Anahtar Hizmeti\" \/>\n<meta property=\"article:modified_time\" content=\"2026-04-17T13:22:07+00:00\" \/>\n<meta property=\"og:image\" content=\"https:\/\/bolucilingirci.com.tr\/wp-content\/uploads\/2026\/04\/anahtarlik.webp\" \/>\n\t<meta property=\"og:image:width\" content=\"382\" \/>\n\t<meta property=\"og:image:height\" content=\"510\" \/>\n\t<meta property=\"og:image:type\" content=\"image\/webp\" \/>\n<meta name=\"twitter:card\" content=\"summary_large_image\" \/>\n<meta name=\"twitter:label1\" content=\"Tahmini okuma s\u00fcresi\" \/>\n\t<meta name=\"twitter:data1\" content=\"3 dakika\" \/>\n<script type=\"application\/ld+json\" class=\"yoast-schema-graph\">{\"@context\":\"https:\\\/\\\/schema.org\",\"@graph\":[{\"@type\":\"WebPage\",\"@id\":\"https:\\\/\\\/bolucilingirci.com.tr\\\/index.php\\\/bolu-anahtar-kilit-urunleri\\\/\",\"url\":\"https:\\\/\\\/bolucilingirci.com.tr\\\/index.php\\\/bolu-anahtar-kilit-urunleri\\\/\",\"name\":\"Bolu Kilit Sat\u0131\u015f\u0131 - Anahtarc\u0131 \u0130smail \u00dcr\u00fcnleri\",\"isPartOf\":{\"@id\":\"https:\\\/\\\/bolucilingirci.com.tr\\\/#website\"},\"primaryImageOfPage\":{\"@id\":\"https:\\\/\\\/bolucilingirci.com.tr\\\/index.php\\\/bolu-anahtar-kilit-urunleri\\\/#primaryimage\"},\"image\":{\"@id\":\"https:\\\/\\\/bolucilingirci.com.tr\\\/index.php\\\/bolu-anahtar-kilit-urunleri\\\/#primaryimage\"},\"thumbnailUrl\":\"https:\\\/\\\/bolucilingirci.com.tr\\\/wp-content\\\/uploads\\\/2026\\\/04\\\/anahtarlik.webp\",\"datePublished\":\"2026-04-16T20:05:10+00:00\",\"dateModified\":\"2026-04-17T13:22:07+00:00\",\"description\":\"Bolu kilit sat\u0131\u015f\u0131 denilince akla gelen ilk adres Anahtarc\u0131 \u0130smail! En g\u00fcvenli kilit modelleri ve kap\u0131 sistemleri i\u00e7in hemen t\u0131kla, bilgi al.\",\"breadcrumb\":{\"@id\":\"https:\\\/\\\/bolucilingirci.com.tr\\\/index.php\\\/bolu-anahtar-kilit-urunleri\\\/#breadcrumb\"},\"inLanguage\":\"tr\",\"potentialAction\":[{\"@type\":\"ReadAction\",\"target\":[\"https:\\\/\\\/bolucilingirci.com.tr\\\/index.php\\\/bolu-anahtar-kilit-urunleri\\\/\"]}]},{\"@type\":\"ImageObject\",\"inLanguage\":\"tr\",\"@id\":\"https:\\\/\\\/bolucilingirci.com.tr\\\/index.php\\\/bolu-anahtar-kilit-urunleri\\\/#primaryimage\",\"url\":\"https:\\\/\\\/bolucilingirci.com.tr\\\/wp-content\\\/uploads\\\/2026\\\/04\\\/anahtarlik.webp\",\"contentUrl\":\"https:\\\/\\\/bolucilingirci.com.tr\\\/wp-content\\\/uploads\\\/2026\\\/04\\\/anahtarlik.webp\",\"width\":382,\"height\":510,\"caption\":\"Bolu'nun her mahallesine 15 dakikada h\u0131zl\u0131 servis ve hasars\u0131z m\u00fcdahale garantisi veriyoruz.\"},{\"@type\":\"BreadcrumbList\",\"@id\":\"https:\\\/\\\/bolucilingirci.com.tr\\\/index.php\\\/bolu-anahtar-kilit-urunleri\\\/#breadcrumb\",\"itemListElement\":[{\"@type\":\"ListItem\",\"position\":1,\"name\":\"Anasayfa\",\"item\":\"https:\\\/\\\/bolucilingirci.com.tr\\\/\"},{\"@type\":\"ListItem\",\"position\":2,\"name\":\"\u00dcr\u00fcnler\"}]},{\"@type\":\"WebSite\",\"@id\":\"https:\\\/\\\/bolucilingirci.com.tr\\\/#website\",\"url\":\"https:\\\/\\\/bolucilingirci.com.tr\\\/\",\"name\":\"Bolu \u00c7ilingir ve Anahtar Hizmeti\",\"description\":\"\",\"potentialAction\":[{\"@type\":\"SearchAction\",\"target\":{\"@type\":\"EntryPoint\",\"urlTemplate\":\"https:\\\/\\\/bolucilingirci.com.tr\\\/?s={search_term_string}\"},\"query-input\":{\"@type\":\"PropertyValueSpecification\",\"valueRequired\":true,\"valueName\":\"search_term_string\"}}],\"inLanguage\":\"tr\"}]}<\/script>\n<!-- \/ Yoast SEO plugin. -->","yoast_head_json":{"title":"Bolu Kilit Sat\u0131\u015f\u0131 - Anahtarc\u0131 \u0130smail \u00dcr\u00fcnleri","description":"Bolu kilit sat\u0131\u015f\u0131 denilince akla gelen ilk adres Anahtarc\u0131 \u0130smail! En g\u00fcvenli kilit modelleri ve kap\u0131 sistemleri i\u00e7in hemen t\u0131kla, bilgi al.","robots":{"index":"index","follow":"follow","max-snippet":"max-snippet:-1","max-image-preview":"max-image-preview:large","max-video-preview":"max-video-preview:-1"},"canonical":"https:\/\/bolucilingirci.com.tr\/index.php\/bolu-anahtar-kilit-urunleri\/","og_locale":"tr_TR","og_type":"article","og_title":"Bolu Kilit Sat\u0131\u015f\u0131 - Anahtarc\u0131 \u0130smail \u00dcr\u00fcnleri","og_description":"Bolu kilit sat\u0131\u015f\u0131 denilince akla gelen ilk adres Anahtarc\u0131 \u0130smail! En g\u00fcvenli kilit modelleri ve kap\u0131 sistemleri i\u00e7in hemen t\u0131kla, bilgi al.","og_url":"https:\/\/bolucilingirci.com.tr\/index.php\/bolu-anahtar-kilit-urunleri\/","og_site_name":"Bolu \u00c7ilingir ve Anahtar Hizmeti","article_modified_time":"2026-04-17T13:22:07+00:00","og_image":[{"width":382,"height":510,"url":"https:\/\/bolucilingirci.com.tr\/wp-content\/uploads\/2026\/04\/anahtarlik.webp","type":"image\/webp"}],"twitter_card":"summary_large_image","twitter_misc":{"Tahmini okuma s\u00fcresi":"3 dakika"},"schema":{"@context":"https:\/\/schema.org","@graph":[{"@type":"WebPage","@id":"https:\/\/bolucilingirci.com.tr\/index.php\/bolu-anahtar-kilit-urunleri\/","url":"https:\/\/bolucilingirci.com.tr\/index.php\/bolu-anahtar-kilit-urunleri\/","name":"Bolu Kilit Sat\u0131\u015f\u0131 - Anahtarc\u0131 \u0130smail \u00dcr\u00fcnleri","isPartOf":{"@id":"https:\/\/bolucilingirci.com.tr\/#website"},"primaryImageOfPage":{"@id":"https:\/\/bolucilingirci.com.tr\/index.php\/bolu-anahtar-kilit-urunleri\/#primaryimage"},"image":{"@id":"https:\/\/bolucilingirci.com.tr\/index.php\/bolu-anahtar-kilit-urunleri\/#primaryimage"},"thumbnailUrl":"https:\/\/bolucilingirci.com.tr\/wp-content\/uploads\/2026\/04\/anahtarlik.webp","datePublished":"2026-04-16T20:05:10+00:00","dateModified":"2026-04-17T13:22:07+00:00","description":"Bolu kilit sat\u0131\u015f\u0131 denilince akla gelen ilk adres Anahtarc\u0131 \u0130smail! En g\u00fcvenli kilit modelleri ve kap\u0131 sistemleri i\u00e7in hemen t\u0131kla, bilgi al.","breadcrumb":{"@id":"https:\/\/bolucilingirci.com.tr\/index.php\/bolu-anahtar-kilit-urunleri\/#breadcrumb"},"inLanguage":"tr","potentialAction":[{"@type":"ReadAction","target":["https:\/\/bolucilingirci.com.tr\/index.php\/bolu-anahtar-kilit-urunleri\/"]}]},{"@type":"ImageObject","inLanguage":"tr","@id":"https:\/\/bolucilingirci.com.tr\/index.php\/bolu-anahtar-kilit-urunleri\/#primaryimage","url":"https:\/\/bolucilingirci.com.tr\/wp-content\/uploads\/2026\/04\/anahtarlik.webp","contentUrl":"https:\/\/bolucilingirci.com.tr\/wp-content\/uploads\/2026\/04\/anahtarlik.webp","width":382,"height":510,"caption":"Bolu'nun her mahallesine 15 dakikada h\u0131zl\u0131 servis ve hasars\u0131z m\u00fcdahale garantisi veriyoruz."},{"@type":"BreadcrumbList","@id":"https:\/\/bolucilingirci.com.tr\/index.php\/bolu-anahtar-kilit-urunleri\/#breadcrumb","itemListElement":[{"@type":"ListItem","position":1,"name":"Anasayfa","item":"https:\/\/bolucilingirci.com.tr\/"},{"@type":"ListItem","position":2,"name":"\u00dcr\u00fcnler"}]},{"@type":"WebSite","@id":"https:\/\/bolucilingirci.com.tr\/#website","url":"https:\/\/bolucilingirci.com.tr\/","name":"Bolu \u00c7ilingir ve Anahtar Hizmeti","description":"","potentialAction":[{"@type":"SearchAction","target":{"@type":"EntryPoint","urlTemplate":"https:\/\/bolucilingirci.com.tr\/?s={search_term_string}"},"query-input":{"@type":"PropertyValueSpecification","valueRequired":true,"valueName":"search_term_string"}}],"inLanguage":"tr"}]}},"_links":{"self":[{"href":"https:\/\/bolucilingirci.com.tr\/index.php\/wp-json\/wp\/v2\/pages\/11","targetHints":{"allow":["GET"]}}],"collection":[{"href":"https:\/\/bolucilingirci.com.tr\/index.php\/wp-json\/wp\/v2\/pages"}],"about":[{"href":"https:\/\/bolucilingirci.com.tr\/index.php\/wp-json\/wp\/v2\/types\/page"}],"author":[{"embeddable":true,"href":"https:\/\/bolucilingirci.com.tr\/index.php\/wp-json\/wp\/v2\/users\/1"}],"replies":[{"embeddable":true,"href":"https:\/\/bolucilingirci.com.tr\/index.php\/wp-json\/wp\/v2\/comments?post=11"}],"version-history":[{"count":4,"href":"https:\/\/bolucilingirci.com.tr\/index.php\/wp-json\/wp\/v2\/pages\/11\/revisions"}],"predecessor-version":[{"id":93,"href":"https:\/\/bolucilingirci.com.tr\/index.php\/wp-json\/wp\/v2\/pages\/11\/revisions\/93"}],"wp:featuredmedia":[{"embeddable":true,"href":"https:\/\/bolucilingirci.com.tr\/index.php\/wp-json\/wp\/v2\/media\/59"}],"wp:attachment":[{"href":"https:\/\/bolucilingirci.com.tr\/index.php\/wp-json\/wp\/v2\/media?parent=11"}],"curies":[{"name":"wp","href":"https:\/\/api.w.org\/{rel}","templated":true}]}}